{"id":44,"date":"2021-09-13T13:27:03","date_gmt":"2021-09-13T11:27:03","guid":{"rendered":"http:\/\/catherine-bec-psychologue.fr\/?page_id=44"},"modified":"2024-11-12T19:03:49","modified_gmt":"2024-11-12T18:03:49","slug":"catherine-bec","status":"publish","type":"page","link":"https:\/\/c-bec.fr\/","title":{"rendered":"Accueil"},"content":{"rendered":"\n<p class=\"has-text-align-left\">Psychologue clinicienne et psychoth\u00e9rapeute, <br>je re\u00e7ois des enfants, adolescents et adultes, au 28 Avenue Chamier \u00e0 Montauban.<\/p>\n\n\n\n<p class=\"has-text-align-left\">Je propose des consultations et th\u00e9rapies individuelles ou familiales, <br>ainsi que des s\u00e9ances de guidance parentale et de soutien des parents avec leur b\u00e9b\u00e9 ou leur enfant plus grand.<\/p>\n\n\n\n<p class=\"has-text-align-left\">Nous convenons ensemble du rythme des s\u00e9ances en fonction de vos besoins et de vos possibilit\u00e9s : je con\u00e7ois l&rsquo;accompagnement psychologique le plus adapt\u00e9 possible. <\/p>\n\n\n\n<p class=\"has-text-align-left\"><\/p>\n\n\n\n<p class=\"has-text-align-left\">Nous essaierons ensemble de porter un regard nouveau sur des situations qui vous questionnent; c&rsquo;est ainsi que l\u2019on peut faire un pas de c\u00f4t\u00e9 et d\u00e9couvrir de nouvelles perspectives et de nouvelles ressources internes.<\/p>\n\n\n\n<p><\/p>\n","protected":false},"excerpt":{"rendered":"<p>Psychologue clinicienne et psychoth\u00e9rapeute, je re\u00e7ois des enfants, adolescents et adultes, au 28 Avenue Chamier \u00e0 Montauban. Je propose des consultations et th\u00e9rapies individuelles ou familiales, ainsi que des s\u00e9ances de guidance parentale et de soutien des parents avec leur b\u00e9b\u00e9 ou leur enfant plus grand. Nous convenons ensemble du rythme des s\u00e9ances en fonction &hellip; <\/p>\n<p class=\"link-more\"><a href=\"https:\/\/c-bec.fr\/\" class=\"more-link\">Continuer la lecture<span class=\"screen-reader-text\"> de &laquo;&nbsp;Accueil&nbsp;&raquo;<\/span><\/a><\/p>\n","protected":false},"author":1,"featured_media":0,"parent":0,"menu_order":0,"comment_status":"closed","ping_status":"closed","template":"","meta":{"footnotes":""},"class_list":["post-44","page","type-page","status-publish","hentry"],"_links":{"self":[{"href":"https:\/\/c-bec.fr\/index.php?rest_route=\/wp\/v2\/pages\/44"}],"collection":[{"href":"https:\/\/c-bec.fr\/index.php?rest_route=\/wp\/v2\/pages"}],"about":[{"href":"https:\/\/c-bec.fr\/index.php?rest_route=\/wp\/v2\/types\/page"}],"author":[{"embeddable":true,"href":"https:\/\/c-bec.fr\/index.php?rest_route=\/wp\/v2\/users\/1"}],"replies":[{"embeddable":true,"href":"https:\/\/c-bec.fr\/index.php?rest_route=%2Fwp%2Fv2%2Fcomments&post=44"}],"version-history":[{"count":17,"href":"https:\/\/c-bec.fr\/index.php?rest_route=\/wp\/v2\/pages\/44\/revisions"}],"predecessor-version":[{"id":191,"href":"https:\/\/c-bec.fr\/index.php?rest_route=\/wp\/v2\/pages\/44\/revisions\/191"}],"wp:attachment":[{"href":"https:\/\/c-bec.fr\/index.php?rest_route=%2Fwp%2Fv2%2Fmedia&parent=44"}],"curies":[{"name":"wp","href":"https:\/\/api.w.org\/{rel}","templated":true}]}}